{"id":3,"date":"2018-07-16T04:22:29","date_gmt":"2018-07-16T08:22:29","guid":{"rendered":"http:\/\/141.2.195.49\/wordpress\/?page_id=3"},"modified":"2019-05-06T16:27:31","modified_gmt":"2019-05-06T14:27:31","slug":"privacy-policy","status":"publish","type":"page","link":"https:\/\/www.nicowunderlich.com\/index.php\/privacy-policy\/","title":{"rendered":"Privacy Policy"},"content":{"rendered":"\n<h3><\/h3>\n<p><strong>English version<\/strong><br \/>\nThis privacy policy serves the purpose of fulfilling the obligation to provide information required under Article 13 of the EU General Data Protection Regulation (GDPR).<\/p>\n<p>In the following, we would like to give you an overview of how we will process your data and of your rights according to data privacy laws.<\/p>\n<p><em>Name and address of the person in charge<\/em><br \/>\nNico Wunderlich<br \/>\nFriesengasse 26<br \/>\nD &#8211; 60487 Frankfurt am Main<br \/>\nGermany<br \/>\nnw@nicowunderlich.com<\/p>\n<p><em>Handling of personal data<\/em><br \/>\nPersonal data is information that can be used to determine a natural person, i.e. information that identifies individuals. These include in particular names, e-mail addresses and other contact details, phone numbers, etc. Personal data will only be collected, used and passed on by us if this is permitted by law or if users have consented to the use of the data.<\/p>\n<p><em>Contacting us<\/em><br \/>\nWhen contacting Nico Wunderlich or one of his staff members (for example, by e-mail), your details will be stored for the purposes of processing the request and in case of follow-up questions. After processing your request or after fulfilling the legal obligation or the service used, the data will be deleted, unless the retention of the data is required for the implementation of legitimate interests of Nico Wunderlich or by virtue of a statutory provision (e.g., law, statutory ordinance, statutes Statutes according to the legal form which concern Nico Wunderlich etc.).<\/p>\n<p><em>Access data \/ server logfiles<\/em><br \/>\nWhen accessing the pages of this web server, the following data is generally stored in the server logfiles:<\/p>\n<p>&#8211; IP address<br \/>\n&#8211; Date and time<br \/>\n&#8211; Type of client browser<br \/>\n&#8211; URL of the visited page<br \/>\n&#8211; If necessary, the error message about the occurred error<br \/>\n&#8211; If necessary, the requesting provider<\/p>\n<p>These data are for the sole purpose of checking the functionality, safety and security troubleshooting. This use is based on EU DSGVO Article 6 paragraph 1 f). All logfiles will be automatically deleted after 7 days at the latest.<\/p>\n<p><em>Individual Rights<\/em><br \/>\nYou have the right to request information about your personal data stored, to request the correction in case of incorrect data or the deletion of the data in the event of inadmissible data storage. You also have a right of appeal to the supervisory authority.<\/p>\n<p>This data protection information was last updated on 29 April 2019. It may be subject to amendments. Any future change or additions to the processing of personal data as described above affecting you will be communicated through an appropriate channel (e.g., will be posted on our website).<\/p>\n<p><strong>Deutsche Version<\/strong><br \/>\nDiese Datenschutzerkl\u00e4rung dient zur Erf\u00fcllung der nach Artikel 13 der Datenschutz-Grundverordnung (DSGVO) Informationspflicht bei Erhebung von Daten zum Zeitpunkt der Erhebung bei betroffenen Personen.<\/p>\n<p>Im Folgenden m\u00f6chten wir Ihnen einen \u00dcberblick dar\u00fcber geben, wie wir Ihre Daten und Ihre Rechte gem\u00e4\u00df den Datenschutzgesetzen verarbeiten.<\/p>\n<p><em>Name und Adresse des Verantwortlichen<\/em><br \/>\nNico Wunderlich<br \/>\nFriesengasse 26<br \/>\nD &#8211; 60487 Frankfurt am Main<br \/>\nGermany<br \/>\nnw@nicowunderlich.com<\/p>\n<p><em>Umgang mit personenbezogenen Daten<\/em><br \/>\nPersonenbezogene Daten sind Informationen, mit deren Hilfe eine nat\u00fcrliche Person bestimmbar ist, also Angaben, durch die Personen identifizierbar sind. Dazu geh\u00f6ren insbesondere Namen, E-Mail-Adressen und sonstige Kontaktdaten, Telefonnummern usw. Personenbezogene Daten werden von uns nur dann erhoben, genutzt und weitergegeben, wenn dies gesetzlich erlaubt ist oder wenn Nutzer in die Datennutzung eingewilligt haben.<\/p>\n<p><em>Kontaktaufnahme<\/em><br \/>\nWenn Sie Nico Wunderlich oder einen seiner Mitarbeitenden kontaktieren (zum Beispiel per E-Mail), werden Ihre Angaben zwecks Bearbeitung der Anfrage sowie f\u00fcr den Fall, dass Anschlussfragen entstehen, gespeichert. Nach Bearbeitung Ihres Anliegens beziehungsweise nach Erf\u00fcllung der Rechtspflicht oder des genutzten Dienstes werden die Daten gel\u00f6scht, es sei denn, die Aufbewahrung der Daten ist zur Umsetzung berechtigter Interessen des E-Finance Lab oder auf Grund einer gesetzlichen Vorschrift (z.B. Gesetz, Rechtsverordnung, Statuten entsprechend der Rechtsform, die Nico Wunderlich betreffen) erforderlich.<\/p>\n<p><em>Logdaten<\/em><br \/>\nBeim Zugriff auf die Seiten dieses Webservers werden im Allgemeinen folgende Daten in den Server-Logfiles gespeichert:<\/p>\n<p>&#8211; IP-Adresse<br \/>\n&#8211; Datum und Uhrzeit<br \/>\n&#8211; Typ des Client Browsers<br \/>\n&#8211; URL der aufgerufenen Seite<br \/>\n&#8211; Gegebenenfalls die Fehlermeldung zum aufgetretenen Fehler<br \/>\n&#8211; Gegebenenfalls der anfragende Provider<\/p>\n<p>Diese Daten dienen ausschlie\u00dflich zum Zweck der Kontrolle der Funktionalit\u00e4t, der Sicherheit und Fehlerbehebung und zum Erkennen eines m\u00f6glichen Missbrauchs. Diese Nutzung basiert auf EU DSGVO Artikel 6 Absatz 1 f). Alle Logdateien werden automatisiert nach sp\u00e4testens 7 Tagen gel\u00f6scht. Bei berechtigtem Interesse Nico Wunderlichs oder auf Grund einer gesetzlichen Vorschrift (z.B. Gesetz, Rechtsverordnung, Statuten entsprechend der Rechtsform, Urheberecht, etc.) kann es zur Beweissicherung oder bei Rechtsanspr\u00fcchen Dritter sowohl zu einer l\u00e4ngeren Speicherung als auch einer \u00dcbermittlung an Dritte kommen.<\/p>\n<p><em>Ihre Rechte<\/em><br \/>\nSie haben das Recht, Auskunft der bei uns \u00fcber Sie gespeicherten Daten zu verlangen sowie bei Unrichtigkeit der Daten die Berichtigung oder bei unzul\u00e4ssiger Datenspeicherung die L\u00f6schung der Daten zu fordern. Ihnen steht des Weiteren ein Beschwerderecht bei der Aufsichtsbeh\u00f6rde zu<\/p>\n<p>Diese Datenschutzerkl\u00e4rung wurde zuletzt am 29. April 2019 aktualisiert. Jede zuk\u00fcnftige \u00c4nderung oder Erg\u00e4nzung bei der Verarbeitung personenbezogener Daten, die Sie betreffen, wird \u00fcber einen geeigneten Kanal kommuniziert (z.B. auf unserer Website ver\u00f6ffentlicht).<\/p>\n","protected":false},"excerpt":{"rendered":"<p>English version This privacy policy serves the purpose of fulfilling the obligation to provide information required under Article 13 of the EU General Data Protection Regulation (GDPR). In the following, we would like to give you an overview of how we will process your data and of your rights according to data privacy laws. Name &hellip; <\/p>\n<p class=\"link-more\"><a href=\"https:\/\/www.nicowunderlich.com\/index.php\/privacy-policy\/\" class=\"more-link\">Continue reading<span class=\"screen-reader-text\"> &#8220;Privacy Policy&#8221;<\/span><\/a><\/p>\n","protected":false},"author":1,"featured_media":0,"parent":0,"menu_order":0,"comment_status":"closed","ping_status":"open","template":"","meta":{"footnotes":""},"class_list":["post-3","page","type-page","status-publish","hentry"],"_links":{"self":[{"href":"https:\/\/www.nicowunderlich.com\/index.php\/wp-json\/wp\/v2\/pages\/3","targetHints":{"allow":["GET"]}}],"collection":[{"href":"https:\/\/www.nicowunderlich.com\/index.php\/wp-json\/wp\/v2\/pages"}],"about":[{"href":"https:\/\/www.nicowunderlich.com\/index.php\/wp-json\/wp\/v2\/types\/page"}],"author":[{"embeddable":true,"href":"https:\/\/www.nicowunderlich.com\/index.php\/wp-json\/wp\/v2\/users\/1"}],"replies":[{"embeddable":true,"href":"https:\/\/www.nicowunderlich.com\/index.php\/wp-json\/wp\/v2\/comments?post=3"}],"version-history":[{"count":8,"href":"https:\/\/www.nicowunderlich.com\/index.php\/wp-json\/wp\/v2\/pages\/3\/revisions"}],"predecessor-version":[{"id":357,"href":"https:\/\/www.nicowunderlich.com\/index.php\/wp-json\/wp\/v2\/pages\/3\/revisions\/357"}],"wp:attachment":[{"href":"https:\/\/www.nicowunderlich.com\/index.php\/wp-json\/wp\/v2\/media?parent=3"}],"curies":[{"name":"wp","href":"https:\/\/api.w.org\/{rel}","templated":true}]}}